{"id":1860,"date":"2025-10-16T11:43:03","date_gmt":"2025-10-16T09:43:03","guid":{"rendered":"https:\/\/plvgcvlt.com\/?page_id=1860"},"modified":"2025-10-22T16:27:10","modified_gmt":"2025-10-22T14:27:10","slug":"mentions-legales","status":"publish","type":"page","link":"https:\/\/plvgcvlt.com\/en\/mentions-legales\/","title":{"rendered":"Legal Notice"},"content":{"rendered":"<div data-elementor-type=\"wp-page\" data-elementor-id=\"1860\" class=\"elementor elementor-1860\" data-elementor-post-type=\"page\">\n\t\t\t\t<div class=\"elementor-element elementor-element-1a58439 e-flex e-con-boxed e-con e-parent\" data-id=\"1a58439\" data-element_type=\"container\" data-e-type=\"container\">\n\t\t\t\t\t<div class=\"e-con-inner\">\n\t\t\t\t<div class=\"elementor-element elementor-element-ecd798e elementor-widget elementor-widget-text-editor\" data-id=\"ecd798e\" data-element_type=\"widget\" data-e-type=\"widget\" data-widget_type=\"text-editor.default\">\n\t\t\t\t\t\t\t\t\t<p>Last updated on 10\/22\/2025.<\/p>\t\t\t\t\t\t\t\t<\/div>\n\t\t\t\t<div class=\"elementor-element elementor-element-1b859f6 elementor-widget elementor-widget-heading\" data-id=\"1b859f6\" data-element_type=\"widget\" data-e-type=\"widget\" data-widget_type=\"heading.default\">\n\t\t\t\t\t<h4 class=\"elementor-heading-title elementor-size-default\">Publisher<\/h4>\t\t\t\t<\/div>\n\t\t\t\t<div class=\"elementor-element elementor-element-39b2936 elementor-widget elementor-widget-text-editor\" data-id=\"39b2936\" data-element_type=\"widget\" data-e-type=\"widget\" data-widget_type=\"text-editor.default\">\n\t\t\t\t\t\t\t\t\t<p>www.plvgcvlt.com is published and operated by Hugo Degen\u00e8ve, a sole proprietorship with its registered office at 57 rue de Kitzing, 57480 KIRSCH-LES-SIERCK, France, registered in the National Business Register under number 830 164 695 RE 57.<\/p><p>APE Code: 1629Z<\/p><p>Contact email address: plvgcvlt@gmail.com<\/p><p>Publication Director: Hugo Degen\u00e8ve<\/p>\t\t\t\t\t\t\t\t<\/div>\n\t\t\t\t<div class=\"elementor-element elementor-element-8d9190c elementor-widget elementor-widget-heading\" data-id=\"8d9190c\" data-element_type=\"widget\" data-e-type=\"widget\" data-widget_type=\"heading.default\">\n\t\t\t\t\t<h4 class=\"elementor-heading-title elementor-size-default\">Host<\/h4>\t\t\t\t<\/div>\n\t\t\t\t<div class=\"elementor-element elementor-element-a76bef5 elementor-widget elementor-widget-text-editor\" data-id=\"a76bef5\" data-element_type=\"widget\" data-e-type=\"widget\" data-widget_type=\"text-editor.default\">\n\t\t\t\t\t\t\t\t\t<p>www.plvgcvlt.com is hosted by OVH, SAS, with its registered office at 2 rue Kellermann, 59100 ROUBAIX, France, registered in the Lille Metropole Trade and Companies Register under the number <span class=\"synthesenumber\">424 761 419.<\/span><\/p><p>Phone: 09 72 10 10 07<\/p>\t\t\t\t\t\t\t\t<\/div>\n\t\t\t\t\t<\/div>\n\t\t\t\t<\/div>\n\t\t\t\t<\/div>","protected":false},"excerpt":{"rendered":"<p>Derni\u00e8re mise \u00e0 jour effectu\u00e9e le 22\/10\/2025. \u00c9diteur www.plvgcvlt.com est \u00e9dit\u00e9 et exploit\u00e9 par Hugo Degen\u00e8ve, Entreprise Individuelle dont le si\u00e8ge social est situ\u00e9 57 rue de Kitzing, 57480 KIRSCH-LES-SIERCK en France, immatricul\u00e9e au Registre National des Entreprises sous le num\u00e9ro 830 164 695 RE 57. Code APE : 1629Z Adresse e-mail de contact : [&hellip;]<\/p>\n","protected":false},"author":1,"featured_media":0,"parent":0,"menu_order":0,"comment_status":"closed","ping_status":"closed","template":"","meta":{"footnotes":""},"class_list":["post-1860","page","type-page","status-publish","hentry"],"blocksy_meta":[],"_links":{"self":[{"href":"https:\/\/plvgcvlt.com\/en\/wp-json\/wp\/v2\/pages\/1860","targetHints":{"allow":["GET"]}}],"collection":[{"href":"https:\/\/plvgcvlt.com\/en\/wp-json\/wp\/v2\/pages"}],"about":[{"href":"https:\/\/plvgcvlt.com\/en\/wp-json\/wp\/v2\/types\/page"}],"author":[{"embeddable":true,"href":"https:\/\/plvgcvlt.com\/en\/wp-json\/wp\/v2\/users\/1"}],"replies":[{"embeddable":true,"href":"https:\/\/plvgcvlt.com\/en\/wp-json\/wp\/v2\/comments?post=1860"}],"version-history":[{"count":7,"href":"https:\/\/plvgcvlt.com\/en\/wp-json\/wp\/v2\/pages\/1860\/revisions"}],"predecessor-version":[{"id":2302,"href":"https:\/\/plvgcvlt.com\/en\/wp-json\/wp\/v2\/pages\/1860\/revisions\/2302"}],"wp:attachment":[{"href":"https:\/\/plvgcvlt.com\/en\/wp-json\/wp\/v2\/media?parent=1860"}],"curies":[{"name":"wp","href":"https:\/\/api.w.org\/{rel}","templated":true}]}}