{"id":1884,"date":"2025-10-16T14:49:32","date_gmt":"2025-10-16T12:49:32","guid":{"rendered":"https:\/\/plvgcvlt.com\/?page_id=1884"},"modified":"2025-10-22T16:27:43","modified_gmt":"2025-10-22T14:27:43","slug":"cgu","status":"publish","type":"page","link":"https:\/\/plvgcvlt.com\/en\/cgu\/","title":{"rendered":"Terms of Use"},"content":{"rendered":"<div data-elementor-type=\"wp-page\" data-elementor-id=\"1884\" class=\"elementor elementor-1884\" data-elementor-post-type=\"page\">\n\t\t\t\t<div class=\"elementor-element elementor-element-0ef3aea e-flex e-con-boxed e-con e-parent\" data-id=\"0ef3aea\" data-element_type=\"container\" data-e-type=\"container\">\n\t\t\t\t\t<div class=\"e-con-inner\">\n\t\t\t\t<div class=\"elementor-element elementor-element-e7b5121 elementor-widget elementor-widget-text-editor\" data-id=\"e7b5121\" data-element_type=\"widget\" data-e-type=\"widget\" data-widget_type=\"text-editor.default\">\n\t\t\t\t\t\t\t\t\t<p>Last updated on 10\/22\/2025.<\/p>\t\t\t\t\t\t\t\t<\/div>\n\t\t\t\t<div class=\"elementor-element elementor-element-49c6609 elementor-widget elementor-widget-text-editor\" data-id=\"49c6609\" data-element_type=\"widget\" data-e-type=\"widget\" data-widget_type=\"text-editor.default\">\n\t\t\t\t\t\t\t\t\t<p>The Terms of Use drafted by Hugo Degen\u00e8ve (hereinafter \u201cthe Publisher\u201d) aim to establish the conditions for using the website www.plvgcvlt.com.<\/p><p>Anyone browsing the website is considered a user (hereinafter \u201cthe User\u201d).<\/p>\t\t\t\t\t\t\t\t<\/div>\n\t\t\t\t<div class=\"elementor-element elementor-element-77529d4 elementor-widget elementor-widget-heading\" data-id=\"77529d4\" data-element_type=\"widget\" data-e-type=\"widget\" data-widget_type=\"heading.default\">\n\t\t\t\t\t<h4 class=\"elementor-heading-title elementor-size-default\">1. Acceptance of the Terms of Use<\/h4>\t\t\t\t<\/div>\n\t\t\t\t<div class=\"elementor-element elementor-element-a6e4c7d elementor-widget elementor-widget-text-editor\" data-id=\"a6e4c7d\" data-element_type=\"widget\" data-e-type=\"widget\" data-widget_type=\"text-editor.default\">\n\t\t\t\t\t\t\t\t\t<p>The User is deemed to know and unconditionally accept all the Terms of Use simply by browsing the website, regardless of the device used (computer, tablet, phone, etc.). As the Terms of Use may be updated by the Publisher and thus evolve over time, the User agrees that the current version is the one available online at the time of their visit to the Website.<\/p><p>The date of the latest update is always indicated at the top of these Terms of Use for easy reference.<\/p>\t\t\t\t\t\t\t\t<\/div>\n\t\t\t\t<div class=\"elementor-element elementor-element-947a19e elementor-widget elementor-widget-heading\" data-id=\"947a19e\" data-element_type=\"widget\" data-e-type=\"widget\" data-widget_type=\"heading.default\">\n\t\t\t\t\t<h4 class=\"elementor-heading-title elementor-size-default\">2. Access to the website<\/h4>\t\t\t\t<\/div>\n\t\t\t\t<div class=\"elementor-element elementor-element-d71c139 elementor-widget elementor-widget-text-editor\" data-id=\"d71c139\" data-element_type=\"widget\" data-e-type=\"widget\" data-widget_type=\"text-editor.default\">\n\t\t\t\t\t\t\t\t\t<p>The Publisher undertakes to make every effort to ensure access to and proper functioning of the website without interruption.<\/p><p>However, the Publisher cannot be held responsible for any unavailability of the website due to maintenance, hosting issues, or force majeure events.<\/p>\t\t\t\t\t\t\t\t<\/div>\n\t\t\t\t<div class=\"elementor-element elementor-element-5beadf1 elementor-widget elementor-widget-heading\" data-id=\"5beadf1\" data-element_type=\"widget\" data-e-type=\"widget\" data-widget_type=\"heading.default\">\n\t\t\t\t\t<h4 class=\"elementor-heading-title elementor-size-default\">3. Contact<\/h4>\t\t\t\t<\/div>\n\t\t\t\t<div class=\"elementor-element elementor-element-3cf7c6a elementor-widget elementor-widget-text-editor\" data-id=\"3cf7c6a\" data-element_type=\"widget\" data-e-type=\"widget\" data-widget_type=\"text-editor.default\">\n\t\t\t\t\t\t\t\t\t<p>For any questions related to the Terms of Use, the User may contact the Publisher at any time using the <a href=\"https:\/\/plvgcvlt.com\/en\/contact\/\">Contact Form<\/a> form on the website, or by sending an email directly to plvgcvlt@gmail.com<\/p>\t\t\t\t\t\t\t\t<\/div>\n\t\t\t\t<div class=\"elementor-element elementor-element-e6464ec elementor-widget elementor-widget-heading\" data-id=\"e6464ec\" data-element_type=\"widget\" data-e-type=\"widget\" data-widget_type=\"heading.default\">\n\t\t\t\t\t<h4 class=\"elementor-heading-title elementor-size-default\">4. Intellectual Property<\/h4>\t\t\t\t<\/div>\n\t\t\t\t<div class=\"elementor-element elementor-element-0e519c1 elementor-widget elementor-widget-text-editor\" data-id=\"0e519c1\" data-element_type=\"widget\" data-e-type=\"widget\" data-widget_type=\"text-editor.default\">\n\t\t\t\t\t\t\t\t\t<p>All elements on the website (images, texts, and sounds) are the exclusive intellectual property of the Publisher or the respective rights holder. They are therefore protected by intellectual property and copyright law and may not be reused, reproduced, modified, distributed, translated, or commercially exploited in any way without the prior written consent of the Publisher or the respective rights holder. Legal action may be taken if this is violated.<\/p>\t\t\t\t\t\t\t\t<\/div>\n\t\t\t\t\t<\/div>\n\t\t\t\t<\/div>\n\t\t\t\t<\/div>","protected":false},"excerpt":{"rendered":"<p>Derni\u00e8re mise \u00e0 jour effectu\u00e9e le 22\/10\/2025. Les Conditions G\u00e9n\u00e9rales d\u2019Utilisation (ci-apr\u00e8s \u00ab CGU \u00bb) r\u00e9dig\u00e9es par Hugo Degen\u00e8ve (ci-apr\u00e8s l\u2019\u00c9diteur \u00bb) ont pour but de fixer les modalit\u00e9s d\u2019utilisation du site internet www.plvgcvlt.com (ci-apr\u00e8s \u00ab le Site \u00bb). Toute personne navigant sur le Site est consid\u00e9r\u00e9e comme un utilisateur (ci-apr\u00e8s \u00ab\u00a0l\u2019Utilisateur\u00a0\u00bb). 1. Acceptation des [&hellip;]<\/p>\n","protected":false},"author":1,"featured_media":0,"parent":0,"menu_order":0,"comment_status":"closed","ping_status":"closed","template":"","meta":{"footnotes":""},"class_list":["post-1884","page","type-page","status-publish","hentry"],"blocksy_meta":[],"_links":{"self":[{"href":"https:\/\/plvgcvlt.com\/en\/wp-json\/wp\/v2\/pages\/1884","targetHints":{"allow":["GET"]}}],"collection":[{"href":"https:\/\/plvgcvlt.com\/en\/wp-json\/wp\/v2\/pages"}],"about":[{"href":"https:\/\/plvgcvlt.com\/en\/wp-json\/wp\/v2\/types\/page"}],"author":[{"embeddable":true,"href":"https:\/\/plvgcvlt.com\/en\/wp-json\/wp\/v2\/users\/1"}],"replies":[{"embeddable":true,"href":"https:\/\/plvgcvlt.com\/en\/wp-json\/wp\/v2\/comments?post=1884"}],"version-history":[{"count":30,"href":"https:\/\/plvgcvlt.com\/en\/wp-json\/wp\/v2\/pages\/1884\/revisions"}],"predecessor-version":[{"id":2305,"href":"https:\/\/plvgcvlt.com\/en\/wp-json\/wp\/v2\/pages\/1884\/revisions\/2305"}],"wp:attachment":[{"href":"https:\/\/plvgcvlt.com\/en\/wp-json\/wp\/v2\/media?parent=1884"}],"curies":[{"name":"wp","href":"https:\/\/api.w.org\/{rel}","templated":true}]}}