{"id":3,"date":"2025-10-04T12:40:31","date_gmt":"2025-10-04T10:40:31","guid":{"rendered":"https:\/\/plvgcvlt.com\/?page_id=3"},"modified":"2025-11-09T15:01:13","modified_gmt":"2025-11-09T14:01:13","slug":"politique-de-confidentialite","status":"publish","type":"page","link":"https:\/\/plvgcvlt.com\/en\/politique-de-confidentialite\/","title":{"rendered":"Privacy Policy"},"content":{"rendered":"<div data-elementor-type=\"wp-page\" data-elementor-id=\"3\" class=\"elementor elementor-3\" data-elementor-post-type=\"page\">\n\t\t\t\t<div class=\"elementor-element elementor-element-dc1c95f e-flex e-con-boxed e-con e-parent\" data-id=\"dc1c95f\" data-element_type=\"container\" data-e-type=\"container\">\n\t\t\t\t\t<div class=\"e-con-inner\">\n\t\t\t\t<div class=\"elementor-element elementor-element-e58b26b elementor-widget elementor-widget-text-editor\" data-id=\"e58b26b\" data-element_type=\"widget\" data-e-type=\"widget\" data-widget_type=\"text-editor.default\">\n\t\t\t\t\t\t\t\t\t<p>Last updated on 10\/22\/2025.<\/p>\t\t\t\t\t\t\t\t<\/div>\n\t\t\t\t<div class=\"elementor-element elementor-element-2cdd614 elementor-widget elementor-widget-text-editor\" data-id=\"2cdd614\" data-element_type=\"widget\" data-e-type=\"widget\" data-widget_type=\"text-editor.default\">\n\t\t\t\t\t\t\t\t\t<p>The Privacy Policy drafted by Hugo Degen\u00e8ve (hereinafter \u201cthe Publisher\u201d) aims to detail the procedures for collecting personal data during navigation on the website www.plvgcvlt.com. Anyone browsing the website is considered a user (hereinafter \u201cthe User\u201d).<\/p>\n<p>The Publisher places great importance on the User\u2019s privacy and ensures that personal information is collected only when necessary for a smooth customer experience.<\/p>\t\t\t\t\t\t\t\t<\/div>\n\t\t\t\t<div class=\"elementor-element elementor-element-294357d elementor-widget elementor-widget-heading\" data-id=\"294357d\" data-element_type=\"widget\" data-e-type=\"widget\" data-widget_type=\"heading.default\">\n\t\t\t\t\t<h4 class=\"elementor-heading-title elementor-size-default\">1. Types of Data Collected<\/h4>\t\t\t\t<\/div>\n\t\t\t\t<div class=\"elementor-element elementor-element-9331acc elementor-widget elementor-widget-text-editor\" data-id=\"9331acc\" data-element_type=\"widget\" data-e-type=\"widget\" data-widget_type=\"text-editor.default\">\n\t\t\t\t\t\t\t\t\t<p>The User may be asked to provide certain personal information such as their first name, last name, postal address, phone number, and email address. This information will be explicitly requested when filling out the <a href=\"https:\/\/plvgcvlt.com\/en\/contact\/\">Contact Form<\/a>, creating a customer account, or placing an order.<\/p><p>Other data, such as cookies, are collected automatically during website navigation (see section 2 below).<\/p>\t\t\t\t\t\t\t\t<\/div>\n\t\t\t\t<div class=\"elementor-element elementor-element-8f56bac elementor-widget elementor-widget-heading\" data-id=\"8f56bac\" data-element_type=\"widget\" data-e-type=\"widget\" data-widget_type=\"heading.default\">\n\t\t\t\t\t<h4 class=\"elementor-heading-title elementor-size-default\">2. Cookies<\/h4>\t\t\t\t<\/div>\n\t\t\t\t<div class=\"elementor-element elementor-element-a644d63 elementor-widget elementor-widget-text-editor\" data-id=\"a644d63\" data-element_type=\"widget\" data-e-type=\"widget\" data-widget_type=\"text-editor.default\">\n\t\t\t\t\t\t\t\t\t<p class=\"translation-block\">Certain personal information of the User is collected from their interactions with the website via cookies and similar technologies.<\/p><p style=\"font-weight: 400;\" data-ccp-border-bottom=\"0px none #000000\" data-ccp-padding-bottom=\"0px\" data-ccp-border-between=\"0px none #000000\" data-ccp-padding-between=\"0px\" class=\"translation-block\">The personal data provided by the User is processed with the utmost care and transparency, in full compliance with applicable laws, including the General Data Protection Regulation (GDPR).<\/p><p style=\"font-weight: 400;\" data-ccp-border-bottom=\"0px none #000000\" data-ccp-padding-bottom=\"0px\" data-ccp-border-between=\"0px none #000000\" data-ccp-padding-between=\"0px\"><span data-contrast=\"none\">If the User wishes to obtain more information on this topic, they are invited to consult the <a href=\"https:\/\/plvgcvlt.com\/en\/politique-de-cookies-ue\/\">Cookie Policy<\/a><\/span><span data-contrast=\"none\">.<\/span><\/p>\t\t\t\t\t\t\t\t<\/div>\n\t\t\t\t<div class=\"elementor-element elementor-element-8ada38c elementor-widget elementor-widget-heading\" data-id=\"8ada38c\" data-element_type=\"widget\" data-e-type=\"widget\" data-widget_type=\"heading.default\">\n\t\t\t\t\t<h4 class=\"elementor-heading-title elementor-size-default\">3. Processing and Use<\/h4>\t\t\t\t<\/div>\n\t\t\t\t<div class=\"elementor-element elementor-element-807aa20 elementor-widget elementor-widget-text-editor\" data-id=\"807aa20\" data-element_type=\"widget\" data-e-type=\"widget\" data-widget_type=\"text-editor.default\">\n\t\t\t\t\t\t\t\t\t<p>The Publisher is responsible for processing and using the personal data provided by the User.\u00a0<\/p><p>This information allows the Publisher to issue a proper invoice, deliver the order to the correct address, communicate any information regarding the processing of the order via email, and, if necessary, provide the delivery person with the User\u2019s phone number to facilitate delivery.<\/p><p>Regarding payment information, the Publisher is only informed of the payment method chosen by the User. Sensitive information such as card numbers or account identifiers (PayPal, Apple, or Google) is handled privately by the chosen payment platform and will never be shared with the Publisher.<\/p><p>No newsletters or promotional emails are sent by the Publisher, and the data will not be shared or used for any purposes other than those described above and in the <a href=\"https:\/\/plvgcvlt.com\/en\/politique-de-cookies-ue\/\">Cookie Policy<\/a>.<\/p>\t\t\t\t\t\t\t\t<\/div>\n\t\t\t\t<div class=\"elementor-element elementor-element-534ae56 elementor-widget elementor-widget-heading\" data-id=\"534ae56\" data-element_type=\"widget\" data-e-type=\"widget\" data-widget_type=\"heading.default\">\n\t\t\t\t\t<h4 class=\"elementor-heading-title elementor-size-default\">4. User Rights<\/h4>\t\t\t\t<\/div>\n\t\t\t\t<div class=\"elementor-element elementor-element-ae16b9f elementor-widget elementor-widget-text-editor\" data-id=\"ae16b9f\" data-element_type=\"widget\" data-e-type=\"widget\" data-widget_type=\"text-editor.default\">\n\t\t\t\t\t\t\t\t\t<p>The User can access, modify, or delete their personal information at any time via the\u00a0<a href=\"https:\/\/plvgcvlt.com\/en\/mon-compte\/\">My Account<\/a>page.<\/p><p>For cookie-related data, the User can at any time revise their choices by adjusting their settings directly in the <a href=\"https:\/\/plvgcvlt.com\/en\/politique-de-cookies-ue\/\">Cookie Policy<\/a>.<\/p><p>If the User has any doubts or questions, they can contact the Publisher at any time via the <a href=\"https:\/\/plvgcvlt.com\/en\/contact\/\">Contact Form<\/a>. In the event of an unsatisfactory response, the User may file a complaint with the CNIL (French data protection authority).<\/p>\t\t\t\t\t\t\t\t<\/div>\n\t\t\t\t\t<\/div>\n\t\t\t\t<\/div>\n\t\t\t\t<\/div>","protected":false},"excerpt":{"rendered":"<p>Derni\u00e8re mise \u00e0 jour effectu\u00e9e le 22\/10\/2025. La Politique de Confidentialit\u00e9 r\u00e9dig\u00e9e par Hugo Degen\u00e8ve (ci-apr\u00e8s l\u2019\u00c9diteur \u00bb) a pour but de d\u00e9tailler les modalit\u00e9s concernant la collecte des donn\u00e9es personnelles lors de la navigation sur le site internet www.plvgcvlt.com (ci-apr\u00e8s \u00ab le Site \u00bb). Toute personne navigant sur le Site est consid\u00e9r\u00e9e comme un [&hellip;]<\/p>\n","protected":false},"author":1,"featured_media":0,"parent":0,"menu_order":0,"comment_status":"closed","ping_status":"closed","template":"","meta":{"footnotes":""},"class_list":["post-3","page","type-page","status-publish","hentry"],"blocksy_meta":[],"_links":{"self":[{"href":"https:\/\/plvgcvlt.com\/en\/wp-json\/wp\/v2\/pages\/3","targetHints":{"allow":["GET"]}}],"collection":[{"href":"https:\/\/plvgcvlt.com\/en\/wp-json\/wp\/v2\/pages"}],"about":[{"href":"https:\/\/plvgcvlt.com\/en\/wp-json\/wp\/v2\/types\/page"}],"author":[{"embeddable":true,"href":"https:\/\/plvgcvlt.com\/en\/wp-json\/wp\/v2\/users\/1"}],"replies":[{"embeddable":true,"href":"https:\/\/plvgcvlt.com\/en\/wp-json\/wp\/v2\/comments?post=3"}],"version-history":[{"count":41,"href":"https:\/\/plvgcvlt.com\/en\/wp-json\/wp\/v2\/pages\/3\/revisions"}],"predecessor-version":[{"id":2875,"href":"https:\/\/plvgcvlt.com\/en\/wp-json\/wp\/v2\/pages\/3\/revisions\/2875"}],"wp:attachment":[{"href":"https:\/\/plvgcvlt.com\/en\/wp-json\/wp\/v2\/media?parent=3"}],"curies":[{"name":"wp","href":"https:\/\/api.w.org\/{rel}","templated":true}]}}