{"id":4557,"date":"2026-02-09T15:05:31","date_gmt":"2026-02-09T14:05:31","guid":{"rendered":"https:\/\/plvgcvlt.com\/?post_type=product&#038;p=4557"},"modified":"2026-02-11T11:09:41","modified_gmt":"2026-02-11T10:09:41","slug":"tunnnels-triangles","status":"publish","type":"product","link":"https:\/\/plvgcvlt.com\/en\/product\/tunnnels-triangles\/","title":{"rendered":"Tunnels Triangles"},"content":{"rendered":"<p>Paire de plugs r\u00e9alis\u00e9e \u00e0 la main<\/p>\n<p>Mod\u00e8le : Tunnels triangles<br \/>\nBois : Noyer<br \/>\nTailles : 12mm<\/p>\n<p>Finition \u00e0 l&rsquo;huile d&rsquo;olive et \u00e0 la cire de carnauba<\/p>","protected":false},"excerpt":{"rendered":"<p>Paire de plugs r\u00e9alis\u00e9e \u00e0 la main<\/p>\n<p>Mod\u00e8le : Tunnels triangles<br \/>\nBois : Noyer<br \/>\nTailles : 12mm<\/p>\n<p>Finition \u00e0 l&rsquo;huile d&rsquo;olive et \u00e0 la cire de carnauba<\/p>","protected":false},"featured_media":4556,"template":"","meta":[],"product_brand":[],"product_cat":[15],"product_tag":[],"class_list":{"0":"post-4557","1":"product","2":"type-product","3":"status-publish","4":"has-post-thumbnail","6":"product_cat-uncategorized","8":"first","9":"outofstock","10":"sold-individually","11":"shipping-taxable","12":"purchasable","13":"product-type-simple"},"_links":{"self":[{"href":"https:\/\/plvgcvlt.com\/en\/wp-json\/wp\/v2\/product\/4557","targetHints":{"allow":["GET"]}}],"collection":[{"href":"https:\/\/plvgcvlt.com\/en\/wp-json\/wp\/v2\/product"}],"about":[{"href":"https:\/\/plvgcvlt.com\/en\/wp-json\/wp\/v2\/types\/product"}],"wp:featuredmedia":[{"embeddable":true,"href":"https:\/\/plvgcvlt.com\/en\/wp-json\/wp\/v2\/media\/4556"}],"wp:attachment":[{"href":"https:\/\/plvgcvlt.com\/en\/wp-json\/wp\/v2\/media?parent=4557"}],"wp:term":[{"taxonomy":"product_brand","embeddable":true,"href":"https:\/\/plvgcvlt.com\/en\/wp-json\/wp\/v2\/product_brand?post=4557"},{"taxonomy":"product_cat","embeddable":true,"href":"https:\/\/plvgcvlt.com\/en\/wp-json\/wp\/v2\/product_cat?post=4557"},{"taxonomy":"product_tag","embeddable":true,"href":"https:\/\/plvgcvlt.com\/en\/wp-json\/wp\/v2\/product_tag?post=4557"}],"curies":[{"name":"wp","href":"https:\/\/api.w.org\/{rel}","templated":true}]}}