{"id":4562,"date":"2026-02-11T11:07:36","date_gmt":"2026-02-11T10:07:36","guid":{"rendered":"https:\/\/plvgcvlt.com\/?post_type=product&#038;p=4562"},"modified":"2026-03-07T02:14:07","modified_gmt":"2026-03-07T01:14:07","slug":"gouttes-percees-soleil-dore","status":"publish","type":"product","link":"https:\/\/plvgcvlt.com\/en\/product\/gouttes-percees-soleil-dore\/","title":{"rendered":"Gouttes perc\u00e9es &#8211; Soleil dor\u00e9"},"content":{"rendered":"<p>Paire de plugs r\u00e9alis\u00e9e \u00e0 la main<\/p>\n<p>Mod\u00e8le : Gouttes perc\u00e9es, Soleil dor\u00e9<br \/>\nBois : Eb\u00e8ne<br \/>\nTailles : 32mm<\/p>\n<p>Finition \u00e0 l&rsquo;huile d&rsquo;olive et \u00e0 la cire de carnauba<\/p>","protected":false},"excerpt":{"rendered":"<p>Paire de plugs r\u00e9alis\u00e9e \u00e0 la main<\/p>\n<p>Mod\u00e8le : Gouttes perc\u00e9es, Soleil dor\u00e9<br \/>\nBois : Eb\u00e8ne<br \/>\nTailles : 32mm<\/p>\n<p>Finition \u00e0 l&rsquo;huile d&rsquo;olive et \u00e0 la cire de carnauba<\/p>","protected":false},"featured_media":4560,"template":"","meta":[],"product_brand":[],"product_cat":[15],"product_tag":[],"class_list":{"0":"post-4562","1":"product","2":"type-product","3":"status-publish","4":"has-post-thumbnail","6":"product_cat-uncategorized","8":"first","9":"outofstock","10":"sold-individually","11":"shipping-taxable","12":"purchasable","13":"product-type-simple"},"_links":{"self":[{"href":"https:\/\/plvgcvlt.com\/en\/wp-json\/wp\/v2\/product\/4562","targetHints":{"allow":["GET"]}}],"collection":[{"href":"https:\/\/plvgcvlt.com\/en\/wp-json\/wp\/v2\/product"}],"about":[{"href":"https:\/\/plvgcvlt.com\/en\/wp-json\/wp\/v2\/types\/product"}],"wp:featuredmedia":[{"embeddable":true,"href":"https:\/\/plvgcvlt.com\/en\/wp-json\/wp\/v2\/media\/4560"}],"wp:attachment":[{"href":"https:\/\/plvgcvlt.com\/en\/wp-json\/wp\/v2\/media?parent=4562"}],"wp:term":[{"taxonomy":"product_brand","embeddable":true,"href":"https:\/\/plvgcvlt.com\/en\/wp-json\/wp\/v2\/product_brand?post=4562"},{"taxonomy":"product_cat","embeddable":true,"href":"https:\/\/plvgcvlt.com\/en\/wp-json\/wp\/v2\/product_cat?post=4562"},{"taxonomy":"product_tag","embeddable":true,"href":"https:\/\/plvgcvlt.com\/en\/wp-json\/wp\/v2\/product_tag?post=4562"}],"curies":[{"name":"wp","href":"https:\/\/api.w.org\/{rel}","templated":true}]}}