{"id":4567,"date":"2026-03-02T12:47:15","date_gmt":"2026-03-02T11:47:15","guid":{"rendered":"https:\/\/plvgcvlt.com\/?post_type=product&#038;p=4567"},"modified":"2026-03-02T15:10:54","modified_gmt":"2026-03-02T14:10:54","slug":"plugs-incrustations-pyro-leviathan","status":"publish","type":"product","link":"https:\/\/plvgcvlt.com\/en\/product\/plugs-incrustations-pyro-leviathan\/","title":{"rendered":"Plugs Incrustations pyro L\u00e9viathan"},"content":{"rendered":"<p>Paire de plugs en bois r\u00e9alis\u00e9e de mani\u00e8re artisanale.<\/p>\n<p>Mod\u00e8le : Plugs pyrograv\u00e9s avec 2 incrustations, pyrogravure L\u00e9viathan \/ Souffre<br \/>\nBois : Noyer, \u00e9b\u00e8ne et amarante<br \/>\nDiam\u00e8tre : 40mm<\/p>\n<p>Les pyrogravures sont r\u00e9alis\u00e9es au laser et \u00e0 la main.<br \/>\nLes incrustations sont coll\u00e9es.<br \/>\nFinition \u00e0 l&rsquo;huile d&rsquo;olive et \u00e0 la cire de carnauba.<\/p>\n<p>Livraison avec num\u00e9ro de suivi.<\/p>\n<p>&nbsp;<\/p>\n<p>. This item is handmade to order : production time will be around 10 days maximum<\/p>\n<p>. Photographies\/Images non contractuelles : le veinage et la couleur peuvent varier selon les essences de bois et le stock actuel<\/p>","protected":false},"excerpt":{"rendered":"<p>Paire de plugs en bois r\u00e9alis\u00e9e de mani\u00e8re artisanale.<\/p>\n<p>Mod\u00e8le : Plugs pyrograv\u00e9s avec 2 incrustations, pyrogravure L\u00e9viathan \/ Souffre<br \/>\nBois : Noyer, \u00e9b\u00e8ne et amarante<br \/>\nDiam\u00e8tre : 40mm<\/p>\n<p>Les pyrogravures sont r\u00e9alis\u00e9es au laser et \u00e0 la main.<br \/>\nLes incrustations sont coll\u00e9es.<br \/>\nFinition \u00e0 l&rsquo;huile d&rsquo;olive et \u00e0 la cire de carnauba.<\/p>\n<p>Livraison avec num\u00e9ro de suivi.<\/p>\n<p>&nbsp;<\/p>\n<p>. This item is handmade to order : production time will be around 10 days maximum<\/p>\n<p>. Photographies\/Images non contractuelles : le veinage et la couleur peuvent varier selon les essences de bois et le stock actuel<\/p>","protected":false},"featured_media":4568,"template":"","meta":[],"product_brand":[],"product_cat":[15],"product_tag":[],"class_list":{"0":"post-4567","1":"product","2":"type-product","3":"status-publish","4":"has-post-thumbnail","6":"product_cat-uncategorized","8":"first","9":"outofstock","10":"sold-individually","11":"shipping-taxable","12":"purchasable","13":"product-type-simple"},"_links":{"self":[{"href":"https:\/\/plvgcvlt.com\/en\/wp-json\/wp\/v2\/product\/4567","targetHints":{"allow":["GET"]}}],"collection":[{"href":"https:\/\/plvgcvlt.com\/en\/wp-json\/wp\/v2\/product"}],"about":[{"href":"https:\/\/plvgcvlt.com\/en\/wp-json\/wp\/v2\/types\/product"}],"wp:featuredmedia":[{"embeddable":true,"href":"https:\/\/plvgcvlt.com\/en\/wp-json\/wp\/v2\/media\/4568"}],"wp:attachment":[{"href":"https:\/\/plvgcvlt.com\/en\/wp-json\/wp\/v2\/media?parent=4567"}],"wp:term":[{"taxonomy":"product_brand","embeddable":true,"href":"https:\/\/plvgcvlt.com\/en\/wp-json\/wp\/v2\/product_brand?post=4567"},{"taxonomy":"product_cat","embeddable":true,"href":"https:\/\/plvgcvlt.com\/en\/wp-json\/wp\/v2\/product_cat?post=4567"},{"taxonomy":"product_tag","embeddable":true,"href":"https:\/\/plvgcvlt.com\/en\/wp-json\/wp\/v2\/product_tag?post=4567"}],"curies":[{"name":"wp","href":"https:\/\/api.w.org\/{rel}","templated":true}]}}