{"id":4576,"date":"2026-04-06T09:22:47","date_gmt":"2026-04-06T07:22:47","guid":{"rendered":"https:\/\/plvgcvlt.com\/?post_type=product&#038;p=4576"},"modified":"2026-04-06T09:56:52","modified_gmt":"2026-04-06T07:56:52","slug":"gouttes-20mm-marqueterie-oeil","status":"publish","type":"product","link":"https:\/\/plvgcvlt.com\/en\/product\/gouttes-20mm-marqueterie-oeil\/","title":{"rendered":"Gouttes 20mm marqueterie oeil"},"content":{"rendered":"<p>Paire de plugs en bois r\u00e9alis\u00e9e de mani\u00e8re artisanale.<\/p>\n<p>Mod\u00e8le : Goutte avec marqueterie, symbole oeil<br \/>\nBois : Eb\u00e8ne, loupe d&rsquo;amboine et \u00e9rable<br \/>\nDiam\u00e8tre : 20mm<\/p>\n<p>La marqueterie est d\u00e9coup\u00e9e au laser puis coll\u00e9e.<\/p>\n<p>Photographies\/Images non contractuelles : le veinage et la couleur peuvent varier selon les essences de bois et le stock actuel<\/p>","protected":false},"excerpt":{"rendered":"<p>Paire de plugs en bois r\u00e9alis\u00e9e de mani\u00e8re artisanale.<\/p>\n<p>Mod\u00e8le : Goutte avec marqueterie, symbole oeil<br \/>\nBois : Eb\u00e8ne, loupe d&rsquo;amboine et \u00e9rable<br \/>\nDiam\u00e8tre : 20mm<\/p>\n<p>La marqueterie est d\u00e9coup\u00e9e au laser puis coll\u00e9e.<\/p>\n<p>Photographies\/Images non contractuelles : le veinage et la couleur peuvent varier selon les essences de bois et le stock actuel<\/p>","protected":false},"featured_media":4577,"template":"","meta":[],"product_brand":[],"product_cat":[24],"product_tag":[],"class_list":{"0":"post-4576","1":"product","2":"type-product","3":"status-publish","4":"has-post-thumbnail","6":"product_cat-plugs-et-tunnels","8":"first","9":"outofstock","10":"sold-individually","11":"shipping-taxable","12":"purchasable","13":"product-type-simple"},"_links":{"self":[{"href":"https:\/\/plvgcvlt.com\/en\/wp-json\/wp\/v2\/product\/4576","targetHints":{"allow":["GET"]}}],"collection":[{"href":"https:\/\/plvgcvlt.com\/en\/wp-json\/wp\/v2\/product"}],"about":[{"href":"https:\/\/plvgcvlt.com\/en\/wp-json\/wp\/v2\/types\/product"}],"wp:featuredmedia":[{"embeddable":true,"href":"https:\/\/plvgcvlt.com\/en\/wp-json\/wp\/v2\/media\/4577"}],"wp:attachment":[{"href":"https:\/\/plvgcvlt.com\/en\/wp-json\/wp\/v2\/media?parent=4576"}],"wp:term":[{"taxonomy":"product_brand","embeddable":true,"href":"https:\/\/plvgcvlt.com\/en\/wp-json\/wp\/v2\/product_brand?post=4576"},{"taxonomy":"product_cat","embeddable":true,"href":"https:\/\/plvgcvlt.com\/en\/wp-json\/wp\/v2\/product_cat?post=4576"},{"taxonomy":"product_tag","embeddable":true,"href":"https:\/\/plvgcvlt.com\/en\/wp-json\/wp\/v2\/product_tag?post=4576"}],"curies":[{"name":"wp","href":"https:\/\/api.w.org\/{rel}","templated":true}]}}